{"id":43,"date":"2025-02-06T12:08:16","date_gmt":"2025-02-06T11:08:16","guid":{"rendered":"https:\/\/blog.sagradafamilia.org\/?page_id=43"},"modified":"2026-01-19T21:27:43","modified_gmt":"2026-01-19T20:27:43","slug":"aviso-legal","status":"publish","type":"page","link":"https:\/\/blog.sagradafamilia.org\/es\/aviso-legal\/","title":{"rendered":"Aviso legal"},"content":{"rendered":"<ol class=\"wp-block-list\">\n<li>IDENTIFICACI\u00d3N. El titular del dominio web: En cumplimiento de las obligaciones de informaci\u00f3n contenidas en el art\u00edculo 10 de la Ley 34 \/2002, de 11 de julio, de Servicios de la Sociedad de la Informaci\u00f3n y de Comercio Electr\u00f3nico, se reflejan los siguientes datos JUNTA CONSTRUCTORA DEL TEMPLE EXPIATORI DE LA SAGRADA FAM\u00cdLIA, constituida al efecto en la direcci\u00f3n: Mallorca, 401. Barcelona 08013, CIF: G-58302928, inscrita en el Registre d\u2019Entitats Religioses del Ministeri de Just\u00edcia, amb el n\u00famero 237-SE\/F. Contacto por correo electr\u00f3nico: <a href=\"mailto:dpo@sagradafamilia.org\">dpo@sagradafamilia.org<\/a><br><\/li>\n\n\n\n<li>PROTECCI\u00d3N DE DATOS: Asimismo, para acceder a algunos de los servicios que JUNTA CONSTRUCTORA DEL TEMPLE EXPIATORI DE LA SAGRADA FAM\u00cdLIA ofrece a trav\u00e9s del website deber\u00e1 proporcionar algunos datos de car\u00e1cter personal. En cumplimiento de lo establecido en el Reglamento (UE) 2016\/679 del Parlamento Europeo y del Consejo, de 27 de abril de 2016, relativo a la protecci\u00f3n de las personas f\u00edsicas en lo que respecta al tratamiento de datos personales y a la libre circulaci\u00f3n de estos datos le informamos que, mediante la cumplimentaci\u00f3n de los presentes formularios, sus datos personales quedar\u00e1n incorporados y ser\u00e1n tratados en los ficheros de JUNTA CONSTRUCTORA DEL TEMPLE EXPIATORI DE LA SAGRADA FAM\u00cdLIA con el fin de poderle prestar y ofrecer nuestros servicios as\u00ed como para informarle de las mejoras del sitio Web. Para informaci\u00f3n adicional consulte nuestra pol\u00edtica de privacidad.<br><\/li>\n\n\n\n<li>PROPIEDAD INTELECTUAL. JUNTA CONSTRUCTORA DEL TEMPLE EXPIATORI DE LA SAGRADA FAM\u00cdLIA es titular de todos los derechos de propiedad intelectual e industrial de su p\u00e1gina web, as\u00ed como de los elementos contenidos en la misma (a t\u00edtulo enunciativo, im\u00e1genes, sonido, audio, v\u00eddeo, software o textos; marcas o logotipos, combinaciones de colores, estructura y dise\u00f1o, selecci\u00f3n de materiales, programas de ordenador necesarios para su funcionamiento, acceso y utilizaci\u00f3n, etc.) titularidad de JUNTA CONSTRUCTORA DEL TEMPLE EXPIATORI DE LA SAGRADA FAM\u00cdLIA o de sus licenciantes. Todos los derechos est\u00e1n reservados. En virtud de lo dispuesto en los art\u00edculos 8 y 32.1, p\u00e1rrafo segundo, de la Ley de Propiedad Intelectual, quedan expresamente prohibidas la reproducci\u00f3n, la distribuci\u00f3n y la comunicaci\u00f3n p\u00fablica, incluida su modalidad de puesta a disposici\u00f3n, de la totalidad o parte de los contenidos de esta p\u00e1gina web, con fines comerciales, en cualquier soporte y por cualquier medio t\u00e9cnico, sin la autorizaci\u00f3n de JUNTA CONSTRUCTORA DEL TEMPLE EXPIATORI DE LA SAGRADA FAM\u00cdLIA El usuario se compromete a respetar los derechos de propiedad intelectual de JUNTA CONSTRUCTORA DEL TEMPLE EXPIATORI DE LA SAGRADA FAM\u00cdLIA<br><\/li>\n\n\n\n<li>ENLACES. En el caso de que en <a href=\"https:\/\/www.sagradafamilia.org\">https:\/\/www.sagradafamilia.org<\/a> se dispusiesen enlaces o hiperv\u00ednculos hac\u00eda otros sitios de Internet, JUNTA CONSTRUCTORA DEL TEMPLE EXPIATORI DE LA SAGRADA FAM\u00cdLIA no ejercer\u00e1 ning\u00fan tipo de control sobre dichos sitios y contenidos. En ning\u00fan caso JUNTA CONSTRUCTORA DEL TEMPLE EXPIATORI DE LA SAGRADA FAM\u00cdLIA asumir\u00e1 responsabilidad alguna por los contenidos de alg\u00fan enlace perteneciente a otro sitio web.<br><\/li>\n\n\n\n<li>LIMITACI\u00d3N DE LA RESPONSABILIDAD. JUNTA CONSTRUCTORA DEL TEMPLE EXPIATORI DE LA SAGRADA FAM\u00cdLIA no se hace responsable, en ning\u00fan caso, de los da\u00f1os y perjuicios de cualquier naturaleza que pudieran ocasionar, a t\u00edtulo enunciativo: errores u omisiones en los contenidos, falta de disponibilidad del portal o la transmisi\u00f3n de virus o programas maliciosos en los contenidos, a pesar de haber adoptado todas las medidas tecnol\u00f3gicas necesarias para evitarlo.<br><\/li>\n\n\n\n<li>CAMBIOS Y ACTUALIZACIONES JUNTA CONSTRUCTORA DEL TEMPLE EXPIATORI DE LA SAGRADA FAM\u00cdLIA la facultad de efectuar, en cualquier momento y sin necesidad de previo aviso, modificaciones y actualizaciones de la informaci\u00f3n contenida en la web, de la configuraci\u00f3n, disponibilidad y presentaci\u00f3n de la misma.<\/li>\n<\/ol>","protected":false},"excerpt":{"rendered":"","protected":false},"author":3,"featured_media":0,"parent":0,"menu_order":0,"comment_status":"closed","ping_status":"closed","template":"","meta":{"footnotes":""},"class_list":["post-43","page","type-page","status-publish","hentry"],"_links":{"self":[{"href":"https:\/\/blog.sagradafamilia.org\/es\/wp-json\/wp\/v2\/pages\/43","targetHints":{"allow":["GET"]}}],"collection":[{"href":"https:\/\/blog.sagradafamilia.org\/es\/wp-json\/wp\/v2\/pages"}],"about":[{"href":"https:\/\/blog.sagradafamilia.org\/es\/wp-json\/wp\/v2\/types\/page"}],"author":[{"embeddable":true,"href":"https:\/\/blog.sagradafamilia.org\/es\/wp-json\/wp\/v2\/users\/3"}],"replies":[{"embeddable":true,"href":"https:\/\/blog.sagradafamilia.org\/es\/wp-json\/wp\/v2\/comments?post=43"}],"version-history":[{"count":0,"href":"https:\/\/blog.sagradafamilia.org\/es\/wp-json\/wp\/v2\/pages\/43\/revisions"}],"wp:attachment":[{"href":"https:\/\/blog.sagradafamilia.org\/es\/wp-json\/wp\/v2\/media?parent=43"}],"curies":[{"name":"wp","href":"https:\/\/api.w.org\/{rel}","templated":true}]}}