{"id":3606,"date":"2025-03-17T08:22:30","date_gmt":"2025-03-17T07:22:30","guid":{"rendered":"https:\/\/blog.sagradafamilia.org\/?page_id=3606"},"modified":"2026-01-27T10:33:29","modified_gmt":"2026-01-27T09:33:29","slug":"politica-de-cookies","status":"publish","type":"page","link":"https:\/\/blog.sagradafamilia.org\/es\/politica-de-cookies\/","title":{"rendered":"Pol\u00edtica de\u00a0cookies"},"content":{"rendered":"<p><strong>ANTECEDENTES<\/strong>&nbsp;<\/p>\n\n\n\n<p>De conformidad con la normativa espa\u00f1ola que regula el uso de cookies en relaci\u00f3n a la prestaci\u00f3n de servicios de comunicaciones electr\u00f3nicas, recogida en el Real Decreto Ley 13\/2012 del 30 de marzo, le informamos sobre las cookies utilizadas en este sitio web y el motivo de su uso.&nbsp;<\/p>\n\n\n\n<p><strong>\u00bfQU\u00c9 SON LAS COOKIES?<\/strong>&nbsp;<\/p>\n\n\n\n<p>Una cookie es un fichero que se descarga en su ordenador al acceder a determinadas p\u00e1ginas web. Las cookies permiten a una p\u00e1gina web, entre otras cosas, almacenar y recuperar informaci\u00f3n sobre los h\u00e1bitos de navegaci\u00f3n de un usuario o de su equipo y, dependiendo de la informaci\u00f3n que contengan y de la forma en que utilice su equipo, pueden utilizarse para reconocer al usuario. Las cookies se asocian \u00fanicamente a un usuario an\u00f3nimo y su ordenador o dispositivo y no proporcionan referencias que permitan conocer sus datos personales.&nbsp;<\/p>\n\n\n\n<p><strong>COOKIES\u202f AFECTADAS POR LA NORMATIVA Y\u202fCOOKIES\u202fEXENTAS<\/strong>&nbsp;<\/p>\n\n\n\n<p>Seg\u00fan la directiva de la UE, las\u202fcookies\u202fque requieren el consentimiento informado por parte del usuario son las\u202fcookies\u202fde anal\u00edtica y las de publicidad y afiliaci\u00f3n, quedando exceptuadas las de car\u00e1cter t\u00e9cnico y las necesarias para el funcionamiento del sitio web o la prestaci\u00f3n de servicios expresamente demandados por el usuario.&nbsp;<\/p>\n\n\n\n<p><strong>TIPOS DE COOKIES<\/strong>&nbsp;<\/p>\n\n\n\n<p>a) Seg\u00fan la entidad que las gestione, hay Cookies propias (aqu\u00e9llas que se env\u00edan al equipo terminal del usuario desde un equipo o dominio gestionado por el propio editor y desde el que se presta el servicio Solicitado por el usuario) y de terceros (las que se env\u00edan al equipo terminal del usuario desde un equipo o dominio que no es gestionado por el editor, sino por otra entidad que trata los datos obtenidos trav\u00e9s de las cookies).&nbsp;<\/p>\n\n\n\n<p>b) Seg\u00fan el\u202ftiempo\u202fque permanecen activas, existen las de\u202fsesi\u00f3n\u202f(dise\u00f1adas para recabar y almacenar datos mientras el usuario accede a una p\u00e1gina web) y las\u202fpersistentes\u202f(en las que los datos se almacenan en el terminal y pueden ser accedidos y tratados durante un periodo definido por el responsable de la cookie -puede ir de unos minutos a varios a\u00f1os-).&nbsp;<\/p>\n\n\n\n<p>c) Seg\u00fan la\u202ffinalidad\u202fpara la que traten la informaci\u00f3n que recopilan, pueden ser:&nbsp;<\/p>\n\n\n\n<p class=\"translation-block\">\u2022 <strong>Cookies necesarias <\/strong>(imprescindibles para el uso de la web y la prestaci\u00f3n del servicio contratado),<br><strong>\u2022 Cookies funcionales<\/strong> (que permiten al usuario acceder al servicio con caracter\u00edsticas predefinidas, como por ejemplo el idioma, tipo de navegador, configuraci\u00f3n regional, etc.)<br><strong>\u2022 Cookies de rendimiento <\/strong>(proporcionan informaci\u00f3n estad\u00edstica sobre el uso que se realiza de la web, se usan para medir y mejorar el rendimiento)<br><strong>\u2022 Cookies publicitarias<\/strong> (recogen informaci\u00f3n sobre las preferencias y elecciones personales de los usuarios)<\/p>\n\n\n\n<p><\/p>\n\n\n\n<p><strong>TIPOS DE COOKIES UTILIZADAS POR ESTE SITIO WEB:<\/strong>&nbsp;<\/p>\n\n\n\n<p>Las cookies utilizadas en nuestro sitio web son de sesi\u00f3n y de terceros, y nos permiten almacenar y acceder a informaci\u00f3n relativa al idioma, el tipo de navegador utilizado, y otras caracter\u00edsticas generales predefinidas por el usuario, as\u00ed como seguir y analizar la actividad que lleva a cabo para mejorar y prestar nuestros servicios de una manera m\u00e1s eficiente. Las cookies usadas tienen, en todo caso, car\u00e1cter temporal con la \u00fanica finalidad de hacer m\u00e1s eficaz la navegaci\u00f3n. En ning\u00fan caso estas cookies proporcionan por s\u00ed mismas datos de car\u00e1cter personal y no se usan para la recogida de los mismos, es por ello que est\u00e1n exentas de consentimiento expreso por parte del usuario, pero de no del deber de transparencia y de informaci\u00f3n por parte de la web.&nbsp;<\/p>\n\n\n\n<p>Al acceder a nuestra web se le informa que si sigue navegando se le instalar\u00e1n diversas cookies de terceros consintiendo as\u00ed la instalaci\u00f3n de determinadas\u202fcookies que tendr\u00e1n como \u00fanica finalidad la de registrar el acceso a nuestro sitio web para la realizaci\u00f3n de estad\u00edsticas sobre el comportamiento de los diferentes usuarios en nuestra p\u00e1gina web para introducir mejoras en funci\u00f3n del an\u00e1lisis de los datos sobre el uso de productos y\/o servicios en la p\u00e1gina web.&nbsp;<\/p>\n\n\n\n<p>Lista de cookies:<\/p>\n\n\n\n<figure class=\"wp-block-table\"><table class=\"has-fixed-layout\"><tbody><tr><td><strong>Nombre de la cookie<\/strong><\/td><td><br><strong>Tipo de cookie<\/strong><\/td><td><strong>Propietario<\/strong><\/td><td><strong>Finalidad de la cookie<\/strong><\/td><td><strong>Duraci\u00f3n<\/strong><\/td><\/tr><tr><td>_ga<\/td><td>Anal\u00edtica<\/td><td>Google Analytics<\/td><td>Se utiliza para distinguir usuarios y sesiones<\/td><td><br>14 meses<\/td><\/tr><tr><td>_ga_G-YPS05HM1E1<\/td><td>Anal\u00edtica<\/td><td>Google Analytics<\/td><td>Mide interacciones en propiedades en GA4<\/td><td>14 meses<\/td><\/tr><\/tbody><\/table><\/figure>\n\n\n\n<p><strong>REVOCACI\u00d3N<\/strong>&nbsp;<\/p>\n\n\n\n<p>En todo momento podr\u00e1 acceder a la configuraci\u00f3n de su navegador aceptando o rechazando todas las cookies, o bien seleccionar aqu\u00e9llas cuya instalaci\u00f3n admite y cu\u00e1les no, siguiendo uno de los siguientes procedimientos, que depende del navegador que utilice:&nbsp;<\/p>\n\n\n\n<p><strong>Google Chrome: <\/strong>(en el Men\u00fa Herramientas): Configuraci\u00f3n &gt; Mostrar opciones avanzadas &gt; Privacidad (Configuraci\u00f3n de contenido) &gt; Cookies:&nbsp;<br><a href=\"https:\/\/support.google.com\/chrome\/answer\/95647?co=GENIE.Platform%3DDesktop&amp;hl=es\" target=\"_blank\" rel=\"noreferrer noopener\">https:\/\/support.google.com\/chrome\/answer\/95647?co=GENIE.Platform%3DDesktop&amp;hl=ca<\/a>&nbsp;<\/p>\n\n\n\n<p><strong>Microsoft Internet Explorer<\/strong>(en el Men\u00fa Herramientas): \nOpciones de Internet &gt; Privacidad &gt; Avanzada:&nbsp;<br><a href=\"https:\/\/support.microsoft.com\/es-es\/help\/17442\/windows-internet-explorer-delete-manage-cookies\" target=\"_blank\" rel=\"noreferrer noopener\">https:\/\/support.microsoft.com\/ca-help\/17442\/windows-internet-explorer-delete-manage-cookies<\/a>&nbsp;<\/p>\n\n\n\n<p><strong>Firefox:<\/strong>&nbsp;<br>Opciones &gt; Privacidad &gt; Cookies:&nbsp;<\/p>\n\n\n\n<p><a href=\"https:\/\/support.mozilla.org\/es\/kb\/habilitar-y-deshabilitar-cookies-llocs-web-rastrear-prefer\u00e8ncies\" target=\"_blank\" rel=\"noopener\">https:\/\/support.mozilla.org\/es\/kb\/habilitar-y-deshabilitar-cookies-llocs-web-rastrear-prefer\u00e8ncies<\/a><\/p>\n\n\n\n<p><strong>Safari, iPad y iPhone:<\/strong>&nbsp;<br>Preferencias &gt; Privacidad:&nbsp;<br><a href=\"https:\/\/support.apple.com\/kb\/ph21411?locale=es_ES\" target=\"_blank\" rel=\"noreferrer noopener\">https:\/\/support.apple.com\/kb\/ph21411?locale=ca_CA<\/a>&nbsp;<\/p>\n\n\n\n<p><strong>Opera:<\/strong>&nbsp;<br>Configuraci\u00f3n &gt; Opciones &gt; Avanzado &gt; Cookies&nbsp;<br><a href=\"http:\/\/help.opera.com\/Windows\/12.00\/es-ES\/cookies.html\" target=\"_blank\" rel=\"noreferrer noopener\">http:\/\/help.opera.com\/Windows\/12.00\/ca-ES\/cookies.html<\/a>&nbsp;<\/p>\n\n\n\n<p>Estos navegadores est\u00e1n sometidos a actualizaciones o modificaciones, por lo que no podemos garantizar que se ajusten completamente a la versi\u00f3n de su navegador. Tambi\u00e9n puede ser que utilice otro navegador no contemplado en estos enlaces como Konqueror, Arora, Flock, etc. Para evitar estos desajustes, puede acceder directamente desde las opciones de su navegador, generalmente en el men\u00fa de \u00abOpciones\u00bb en la secci\u00f3n de \u00abPrivacidad\u00bb. (Por favor, consulte la ayuda de su navegador para m\u00e1s informaci\u00f3n).&nbsp;<\/p>\n\n\n\n<p><strong>Desactivaci\u00f3n\/activaci\u00f3n Y eliminaci\u00f3n de cookies<\/strong>&nbsp;<\/p>\n\n\n\n<p>Per restringir o bloquejar les cookies, es fa a trav\u00e9s de la configuraci\u00f3 del navegador.&nbsp;<\/p>\n\n\n\n<p>Si no desea que los sitios web pongan ninguna cookie en su equipo, puede adaptar la configuraci\u00f3n del navegador de modo que se le notifique antes de que se coloque ninguna cookie. De igual modo, puede adaptar la configuraci\u00f3n de forma que el navegador rechace todas las cookies, o \u00fanicamente las cookies de terceros. Tambi\u00e9n puede eliminar cualquiera de las cookies que ya se encuentren en el equipo. Tenga en cuenta que tendr\u00e1 que adaptar por separado la configuraci\u00f3n de cada navegador y equipo que utilice.&nbsp;<\/p>\n\n\n\n<p>Tenga en cuenta que si no desea recibir cookies, ya no podremos garantizar que nuestro sitio web funcione debidamente. Puede que algunas funciones del sitio se pierdan y es posible que ya no pueda ver ciertos contenidos de la web.&nbsp;<\/p>\n\n\n\n<p>Cada navegador posee un m\u00e9todo distinto para adaptar la configuraci\u00f3n. Si fuera necesario, consulte la funci\u00f3n de ayuda del navegador para establecer la configuraci\u00f3n correcta.&nbsp;<\/p>\n\n\n\n<p>Para desactivar las cookies en el tel\u00e9fono m\u00f3vil, consulte el manual del dispositivo para obtener m\u00e1s informaci\u00f3n.&nbsp;<\/p>\n\n\n\n<p>Puede obtener m\u00e1s informaci\u00f3n sobre las cookies en Internet, <a href=\"http:\/\/www.aboutcookies.org\/\" target=\"_blank\" rel=\"noreferrer noopener\">http:\/\/www.aboutcookies.org\/<\/a>.&nbsp;<\/p>","protected":false},"excerpt":{"rendered":"<p>ANTECEDENTS&nbsp; De conformitat amb la normativa espanyola que regula l&#8217;\u00fas de cookies en relaci\u00f3 a la prestaci\u00f3 de serveis de comunicacions electr\u00f2niques, recollida al Reial Decret Llei 13\/2012 del 30 de mar\u00e7, us informem sobre les cookies utilitzades en aquest lloc web i el motiu \u00fas.&nbsp; QU\u00c8 S\u00d3N LES COOKIES?&nbsp; Una cookie \u00e9s un fitxer [&hellip;]<\/p>","protected":false},"author":6,"featured_media":0,"parent":0,"menu_order":0,"comment_status":"closed","ping_status":"closed","template":"","meta":{"footnotes":""},"class_list":["post-3606","page","type-page","status-publish","hentry"],"_links":{"self":[{"href":"https:\/\/blog.sagradafamilia.org\/es\/wp-json\/wp\/v2\/pages\/3606","targetHints":{"allow":["GET"]}}],"collection":[{"href":"https:\/\/blog.sagradafamilia.org\/es\/wp-json\/wp\/v2\/pages"}],"about":[{"href":"https:\/\/blog.sagradafamilia.org\/es\/wp-json\/wp\/v2\/types\/page"}],"author":[{"embeddable":true,"href":"https:\/\/blog.sagradafamilia.org\/es\/wp-json\/wp\/v2\/users\/6"}],"replies":[{"embeddable":true,"href":"https:\/\/blog.sagradafamilia.org\/es\/wp-json\/wp\/v2\/comments?post=3606"}],"version-history":[{"count":0,"href":"https:\/\/blog.sagradafamilia.org\/es\/wp-json\/wp\/v2\/pages\/3606\/revisions"}],"wp:attachment":[{"href":"https:\/\/blog.sagradafamilia.org\/es\/wp-json\/wp\/v2\/media?parent=3606"}],"curies":[{"name":"wp","href":"https:\/\/api.w.org\/{rel}","templated":true}]}}