{"id":31,"date":"2025-02-06T11:29:33","date_gmt":"2025-02-06T10:29:33","guid":{"rendered":"https:\/\/blog.sagradafamilia.org\/?page_id=31"},"modified":"2026-04-01T15:45:21","modified_gmt":"2026-04-01T13:45:21","slug":"home","status":"publish","type":"page","link":"https:\/\/blog.sagradafamilia.org\/es\/","title":{"rendered":"Home"},"content":{"rendered":"<p>El contenido de esta p\u00e1gina no es editable. Los cambios que se hagan a nivel de bloques no ser\u00e1 visibles en la parte p\u00fablica de la web.<\/p>\n\n\n\n<p><\/p>","protected":false},"excerpt":{"rendered":"<p>Bienvenidos al blog oficial de la Sagrada Familia, un espacio donde se puede seguir la evoluci\u00f3n de la construcci\u00f3n de la Bas\u00edlica y descubrir a fondo a trav\u00e9s de las actividades, curiosidades e historias que la rodean. Aprofundireu, tambi\u00e9n, en la figura de Antoni Gaud\u00ed y de la tarea que d\u00eda a d\u00eda, y por 140 a\u00f1os, arquitectos, artesanos, y otros profesionales en el trabajo para continuar con su enorme legado.  <\/p>\n<p>El sue\u00f1o de Gaud\u00ed se est\u00e1 volviendo realidad. \u00danase a nosotros en el contenido de este blog y d\u00e9jate llevar por la belleza y el significado de un templo \u00fanico en el mundo. <\/p>","protected":false},"author":6,"featured_media":3491,"parent":0,"menu_order":0,"comment_status":"closed","ping_status":"closed","template":"","meta":{"footnotes":""},"class_list":["post-31","page","type-page","status-publish","has-post-thumbnail","hentry"],"_links":{"self":[{"href":"https:\/\/blog.sagradafamilia.org\/es\/wp-json\/wp\/v2\/pages\/31","targetHints":{"allow":["GET"]}}],"collection":[{"href":"https:\/\/blog.sagradafamilia.org\/es\/wp-json\/wp\/v2\/pages"}],"about":[{"href":"https:\/\/blog.sagradafamilia.org\/es\/wp-json\/wp\/v2\/types\/page"}],"author":[{"embeddable":true,"href":"https:\/\/blog.sagradafamilia.org\/es\/wp-json\/wp\/v2\/users\/6"}],"replies":[{"embeddable":true,"href":"https:\/\/blog.sagradafamilia.org\/es\/wp-json\/wp\/v2\/comments?post=31"}],"version-history":[{"count":0,"href":"https:\/\/blog.sagradafamilia.org\/es\/wp-json\/wp\/v2\/pages\/31\/revisions"}],"wp:featuredmedia":[{"embeddable":true,"href":"https:\/\/blog.sagradafamilia.org\/es\/wp-json\/wp\/v2\/media\/3491"}],"wp:attachment":[{"href":"https:\/\/blog.sagradafamilia.org\/es\/wp-json\/wp\/v2\/media?parent=31"}],"curies":[{"name":"wp","href":"https:\/\/api.w.org\/{rel}","templated":true}]}}