{"id":3,"date":"2025-02-05T12:09:22","date_gmt":"2025-02-05T11:09:22","guid":{"rendered":"https:\/\/blog.sagradafamilia.org\/?page_id=3"},"modified":"2025-03-19T13:08:53","modified_gmt":"2025-03-19T12:08:53","slug":"politica-de-privacitat","status":"publish","type":"page","link":"https:\/\/blog.sagradafamilia.org\/es\/politica-de-privacitat\/","title":{"rendered":"Pol\u00edtica de privacidad"},"content":{"rendered":"<p>1. <strong>INFORMACI\u00d3 A L&#8217;USUARI<\/strong><\/p>\n\n\n\n<ol class=\"wp-block-list\"><\/ol>\n\n\n\n<p><strong>FUNDACI\u00d3 JUNTA CONSTRUCTORA DEL TEMPLE EXPIATORI DE LA SAGRADA FAMIL\u00cdA<\/strong>, com a Responsable del Tractament, us informa que, segons el que disposa el Reglament (UE) 2016\/679, de 27 d&#8217;abril, (RGPD) i a la LO 3\/2018, de 5 de desembre, de protecci\u00f3 de dades i garantia dels drets digitals (LOPDGDD), tractarem les seves dades tal com reflectim en aquesta Pol\u00edtica de Privadesa.<\/p>\n\n\n\n<p>En aquesta Pol\u00edtica de Privadesa descrivim com recollim les vostres dades personals i per qu\u00e8 les recollim, qu\u00e8 fem amb elles, amb qui les compartim, com les protegim i les seves opcions pel que fa al tractament de les vostres dades personals.<\/p>\n\n\n\n<p>Aquesta Pol\u00edtica s&#8217;aplica al tractament de les vostres dades personals recollides per l&#8217;empresa per a la prestaci\u00f3 dels seus serveis. Si accepteu les mesures d&#8217;aquesta Pol\u00edtica, accepteu que tractem les vostres dades personals com es defineix en aquesta Pol\u00edtica.<\/p>\n\n\n\n<p>2. <strong>CONTACTE<\/strong><\/p>\n\n\n\n<p>Denominaci\u00f3 social: FUNDACI\u00d3 JUNTA CONSTRUCTORA DEL TEMPLE EXPIATORI DE LA SAGRADA FAMIL\u00cdACIF: G58302928Domicili: C\/ MALLORCA, 401 \u2013 08013 BARCELONA (BARCELONA)<br>Correu elect.: <a href=\"mailto:dades@sagradafamilia.org\">dades@sagradafamilia.org<\/a><\/p>\n\n\n\n<p>Delegat de protecci\u00f3 de dades: <a href=\"mailto:dpo@sagradafamilia.org\">dpo@sagradafamilia.org<\/a><\/p>\n\n\n\n<p>3. <strong>PRINCIPIS CLAU<\/strong><\/p>\n\n\n\n<p>Sempre hem estat compromesos amb prestar els nostres serveis amb el m\u00e9s alt grau de qualitat, cosa que inclou tractar les seves dades amb seguretat i transpar\u00e8ncia. Els nostres principis s\u00f3n:<\/p>\n\n\n\n<ul class=\"wp-block-list\">\n<li><strong>Legalitat<\/strong>: Nom\u00e9s recopilarem les vostres Dades personals per a fins espec\u00edfics, expl\u00edcits i leg\u00edtims.<\/li>\n\n\n\n<li><strong>Minimitzaci\u00f3 de dades<\/strong>: Limitem la recollida de dades de car\u00e0cter personal a all\u00f2 que \u00e9s estrictament rellevant i necessari per als fins per als que s&#8217;han recopilat.<\/li>\n\n\n\n<li><strong>Limitaci\u00f3 de la Finalitat<\/strong>: Nom\u00e9s recollirem les vostres dades personals per als fins declarats i nom\u00e9s segons els vostres desitjos.<\/li>\n\n\n\n<li><strong>Precisi\u00f3<\/strong>: Mantindrem les vostres dades personals exactes i actualitzades.<\/li>\n\n\n\n<li><strong>Seguretat de les Dades<\/strong>: Apliquem les mesures t\u00e8cniques i organitzatives adequades i proporcionals als riscos per garantir que les seves dades no pateixin danys, com ara divulgaci\u00f3 o acc\u00e9s no autoritzat, la destrucci\u00f3 accidental o il\u00b7l\u00edcita o la seva p\u00e8rdua accidental o alteraci\u00f3 i qualsevol altra forma de tractament il\u00b7l\u00edcit.<\/li>\n\n\n\n<li><strong>Acc\u00e9s i Rectificaci\u00f3<\/strong>: Disposem de mitjans perqu\u00e8 accedeixi o rectifiqui les seves dades quan ho consideri oport\u00fa.<\/li>\n\n\n\n<li><strong>Conservaci\u00f3<\/strong>: Conservem les vostres dades personals de manera legal i apropiada i nom\u00e9s mentre \u00e9s necessari per als fins per als que s&#8217;han recopilat.<\/li>\n\n\n\n<li><strong>Les transfer\u00e8ncies internacionals<\/strong>: quan es doni el cas que les seves dades siguin transferides fora de la UE\/EEE es protegiran adequadament.<\/li>\n\n\n\n<li><strong>Tercers<\/strong>: L&#8217;acc\u00e9s i la transfer\u00e8ncia de dades personals a tercers es duen a terme d&#8217;acord amb les lleis i els reglaments aplicables i amb les garanties contractuals adequades.<\/li>\n\n\n\n<li><strong>M\u00e0rqueting Directe i cookies<\/strong>: Complim amb la legislaci\u00f3 aplicable en mat\u00e8ria de publicitat i galetes.<\/li>\n<\/ul>\n\n\n\n<p>4. <strong>RECOLLIDA I TRACTAMENT DE LES SEVES DADES PERSONALS<\/strong><\/p>\n\n\n\n<p>Els tipus de dades que es poden sol\u00b7licitar i tractar s\u00f3n:<\/p>\n\n\n\n<ul class=\"wp-block-list\">\n<li>Dades de car\u00e0cter identificatiu.<\/li>\n\n\n\n<li>Dades de contacte<\/li>\n<\/ul>\n\n\n\n<p>Tamb\u00e9 recollim de forma autom\u00e0tica dades sobre la seva visita al nostre lloc web segons es descriu a la pol\u00edtica de cookies.<\/p>\n\n\n\n<p>Recollim i tractem les vostres dades personals amb el prop\u00f2sit de:<\/p>\n\n\n\n<ul class=\"wp-block-list\">\n<li><strong>Gestionar la seva subscripci\u00f3 al bloc de la FUNDACI\u00d3 JUNTA CONSTRUCTORA DEL&nbsp;&nbsp; TEMPLE EXPIATORI DE LA SAGRADA FAM\u00cdLIA<\/strong><\/li>\n\n\n\n<li>Base legitimadora: Ens dona el consentiment als efectes del tractament. Per descomptat, podr\u00e0 retirar el seu consentiment en qualsevol moment.<\/li>\n<\/ul>\n\n\n\n<ul class=\"wp-block-list\">\n<li><strong>Enviament regular d&#8217;articles i continguts publicats al bloc i d&#8217;informaci\u00f3 relacionada amb la FUNDACI\u00d3 JUNTA CONSTRUCTORA DEL TEMPLE EXPIATORI DE LA SAGRADA FAM\u00cdLIA que pugui resultar del vostre inter\u00e8s, per exemple: informaci\u00f3 sobre les visites guiades al temple, horaris, etc.<\/strong><\/li>\n<\/ul>\n\n\n\n<p>Base legitimadora: Ens dona el consentiment als efectes del tractament. Per descomptat, podr\u00e0 retirar el seu consentiment en qualsevol moment.<\/p>\n\n\n\n<ul class=\"wp-block-list\">\n<li><strong>Atendre les consultes que ens fan a trav\u00e9s del bloc.<\/strong><\/li>\n<\/ul>\n\n\n\n<p>Base legitimadora: Ens dona el consentiment als efectes del tractament. Per descomptat, podr\u00e0 retirar el seu consentiment en qualsevol moment.<\/p>\n\n\n\n<p>5. <strong>COMUNICACI\u00d3 DE DADES PERSONALS<\/strong><\/p>\n\n\n\n<p>Les dades es poden comunicar a encarregats de tractament. Nom\u00e9s treballem amb encarregats de tractament que ofereixen garanties suficients de compliment de la legislaci\u00f3 vigent de protecci\u00f3 de dades. Les vostres dades personals en cap cas seran tractades des d&#8217;un pa\u00eds que no ofereixi un nivell de protecci\u00f3 equiparable a l&#8217;europeu. Si es decid\u00eds contractar encarregats de tractament ubicats fora de l&#8217;Espai Econ\u00f2mic Europeu, la contractaci\u00f3 es faria conforme al cap\u00edtol V del Reglament General de Protecci\u00f3 de Dades.<\/p>\n\n\n\n<p>No es preveuen altres comunicacions de dades a tercers, tret d&#8217;obligaci\u00f3 legal.<\/p>\n\n\n\n<p>6. <strong>ELS SEUS DRETS<\/strong><\/p>\n\n\n\n<p>En relaci\u00f3 amb la recollida i tractament de les vostres dades personals, podeu posar-vos en contacte amb nosaltres en qualsevol moment per:<\/p>\n\n\n\n<ul class=\"wp-block-list\">\n<li>Accedir a les vostres dades personals i a qualsevol altra informaci\u00f3 indicada a l&#8217;article 15.1 del RGPD.<\/li>\n\n\n\n<li>Rectificar les dades personals que siguin inexactes o estiguin incompletes d&#8217;acord amb l&#8217;article 16 del RGPD.<\/li>\n\n\n\n<li>Suprimir les vostres dades personals d&#8217;acord amb l&#8217;article 17 del RGPD.<\/li>\n\n\n\n<li>Limitar el tractament de les vostres dades personals d&#8217;acord amb l&#8217;article 18 del RGPD.<\/li>\n\n\n\n<li>Sol\u00b7licitar la portabilitat de les vostres dades d&#8217;acord amb l&#8217;article 20 del <a href=\"https:\/\/presencialismo.com\/\" target=\"_blank\" rel=\"noreferrer noopener\">RGPD<\/a>.<\/li>\n\n\n\n<li>Oposar-se al tractament de les vostres dades personals d&#8217;acord amb l&#8217;article 21 del RGPD.<\/li>\n<\/ul>\n\n\n\n<p>Si heu atorgat el vostre consentiment per a alguna finalitat concreta, teniu dret a retirar el consentiment atorgat en qualsevol moment, sense que aix\u00f2 afecti la licitud del tractament basat en el consentiment previ a la seva retirada.<\/p>\n\n\n\n<p>Podeu exercir aquests drets enviant comunicaci\u00f3, motivada i acreditada, mitjan\u00e7ant un escrit, adjuntant fotoc\u00f2pia del DNI o document identificatiu equivalent, dirigit a l&#8217;adre\u00e7a: C\/ MALLORCA, 401 \u2013 08013 BARCELONA (BARCELONA) o a l&#8217;adre\u00e7a de correu electr\u00f2nic <a href=\"mailto:dades@sagradafamilia.org\">dades@sagradafamilia.org<\/a>.Tamb\u00e9 t\u00e9 dret a presentar una reclamaci\u00f3 davant l&#8217;Autoritat de control competent (<a href=\"https:\/\/aepd.es\/\" target=\"_blank\" rel=\"noreferrer noopener\">www.aepd.es<\/a>) si considera que el tractament no s&#8217;ajusta a la normativa vigent.<\/p>\n\n\n\n<p>7. <strong>NORMES DE COMPORTAMENT PER A PARTICIPANTS DEL BLOG<\/strong><\/p>\n\n\n\n<ul class=\"wp-block-list\">\n<li>Responsabilitat de l\u2019usuari. En participar al bloc de la web l&#8217;usuari \u00e9s l&#8217;\u00fanic responsable dels missatges que difongui a trav\u00e9s d&#8217;aquest, garantint a FUNDACI\u00d3 JUNTA CONSTRUCTORA DEL TEMPLE EXPIATORI DE LA SAGRADA FAM\u00cdLIA la total indemnitat davant de qualsevol reclamaci\u00f3 que li pogu\u00e9s plantejar-se per aquests conceptes. En cas que els missatges continguin material protegit per drets de propietat intel\u00b7lectual o industrial, l&#8217;usuari garanteix que n&#8217;\u00e9s el propietari o compta amb l&#8217;autoritzaci\u00f3 del propietari per difondre&#8217;l al bloc i s&#8217;eximeix a FUNDACI\u00d3 JUNTA CONSTRUCTORA DEL TEMPLE EXPIATORI DE LA SAGRADA FAM\u00cdLIA de qualsevol reclamaci\u00f3 de tercers que es planteg\u00e9s per aquests conceptes.<\/li>\n<\/ul>\n\n\n\n<ul class=\"wp-block-list\">\n<li>L&#8217;usuari haur\u00e0, abans de publicar un missatge, triar el bloc apropiat. Aquells missatges que no s&#8217;ajustin a la tem\u00e0tica del bloc es podran eliminar. Est\u00e0 totalment prohibit publicar promocions i enlla\u00e7os d&#8217;ofertes comercials, publicitat, material promocional, cartes cadena ni qualsevol activitat promocional directa o indirecta o qualsevol altre tipus de comentari que no s&#8217;ajusti al desenvolupament normal dels temes del bloc.<\/li>\n<\/ul>\n\n\n\n<ul class=\"wp-block-list\">\n<li>L&#8217;usuari haur\u00e0 de respectar la resta d&#8217;usuaris. L&#8217;usuari ha de ser tolerant i respectu\u00f3s amb els missatges i les opinions dels altres usuaris. Es podran suprimir aquells missatges que puguin ser considerats lesius contra els drets de tercers o que atemptin contra el desenvolupament pac\u00edfic del bloc.<\/li>\n<\/ul>\n\n\n\n<ul class=\"wp-block-list\">\n<li>FUNDACI\u00d3 JUNTA CONSTRUCTORA DEL TEMPLE EXPIATORI DE LA SAGRADA FAM\u00cdLIA es reserva el dret de reproduir, modificar, o difondre els missatges publicats al web conforme als termes i mitjans convenients sense que per aix\u00f2 correspongui a l&#8217;usuari cap tipus de compensaci\u00f3.<\/li>\n\n\n\n<li>FUNDACI\u00d3 JUNTA CONSTRUCTORA DEL TEMPLE EXPIATORI DE LA SAGRADA FAM\u00cdLIA no \u00e9s responsable del que s&#8217;ha publicat al bloc de la web, ni garanteix la veracitat o exactitud de cap informaci\u00f3 publicada en aquests. Correspon a l&#8217;usuari remitent dels missatges o informacions la responsabilitat sobre el contingut.<\/li>\n<\/ul>\n\n\n\n<ul class=\"wp-block-list\">\n<li>FUNDACI\u00d3 JUNTA CONSTRUCTORA DEL TEMPLE EXPIATORI DE LA SAGRADA FAM\u00cdLIA no garanteix la disponibilitat ni continu\u00eftat del servei del bloc del web, podent modificar-lo, suspendre&#8217;l o eliminar-lo del web sense previ av\u00eds, en qualsevol moment.<\/li>\n<\/ul>\n\n\n\n<ul class=\"wp-block-list\">\n<li>En cas que un usuari pugui veure&#8217;s afectat per actuacions il\u00b7legals, o detecti un mal \u00fas del bloc de la web per part d&#8217;altres usuaris, ho podr\u00e0 posar en coneixement de FUNDACI\u00d3 JUNTA CONSTRUCTORA DEL TEMPLE EXPIATORI DE LA SAGRADA FAM\u00cdLIA a trav\u00e9s de l&#8217;adre\u00e7a de correu electr\u00f2nic <a href=\"mailto:dades@sagradafamilia.org\">dades@sagradafamilia.org<\/a>, perqu\u00e8 FUNDACI\u00d3 JUNTA CONSTRUCTORA DEL TEMPLE EXPIATORI DE LA SAGRADA FAM\u00cdLIA pugui moderar o eliminar-los.<\/li>\n<\/ul>\n\n\n\n<ul class=\"wp-block-list\">\n<li>L&#8217;usuari mantindr\u00e0 indemne FUNDACI\u00d3 JUNTA CONSTRUCTORA DEL TEMPLE EXPIATORI DE LA SAGRADA FAM\u00cdLIA davant de qualsevol reclamaci\u00f3 que pogu\u00e9s presentar-se pels missatges que l&#8217;usuari hagi dif\u00f3s al bloc o per qualsevol altra conducta vinculada o derivada de la utilitzaci\u00f3 per l&#8217;usuari del bloc del web.<\/li>\n<\/ul>\n\n\n\n<p>8. <strong>INFORMACI\u00d3 LEGAL<\/strong><\/p>\n\n\n\n<p>Els requisits d&#8217;aquesta Pol\u00edtica complementen, i no reemplacen, qualsevol altre requisit existent sota la llei de protecci\u00f3 de dades aplicable, que ser\u00e0 la que prevalgui en qualsevol cas.<\/p>\n\n\n\n<p>Aquesta Pol\u00edtica est\u00e0 subjecta a revisions peri\u00f2diques i l&#8217;empresa la pot modificar en qualsevol moment. Quan aix\u00f2 passi, us avisarem de qualsevol canvi i us demanarem que torneu a llegir la versi\u00f3 m\u00e9s recent de la nostra Pol\u00edtica i que confirmeu la seva acceptaci\u00f3.<\/p>","protected":false},"excerpt":{"rendered":"<p>1. INFORMACI\u00d3 A L&#8217;USUARI FUNDACI\u00d3 JUNTA CONSTRUCTORA DEL TEMPLE EXPIATORI DE LA SAGRADA FAMIL\u00cdA, com a Responsable del Tractament, us informa que, segons el que disposa el Reglament (UE) 2016\/679, de 27 d&#8217;abril, (RGPD) i a la LO 3\/2018, de 5 de desembre, de protecci\u00f3 de dades i garantia dels drets digitals (LOPDGDD), tractarem les [&hellip;]<\/p>\n","protected":false},"author":1,"featured_media":0,"parent":0,"menu_order":0,"comment_status":"closed","ping_status":"closed","template":"","meta":{"footnotes":""},"class_list":["post-3","page","type-page","status-publish","hentry"],"_links":{"self":[{"href":"https:\/\/blog.sagradafamilia.org\/es\/wp-json\/wp\/v2\/pages\/3","targetHints":{"allow":["GET"]}}],"collection":[{"href":"https:\/\/blog.sagradafamilia.org\/es\/wp-json\/wp\/v2\/pages"}],"about":[{"href":"https:\/\/blog.sagradafamilia.org\/es\/wp-json\/wp\/v2\/types\/page"}],"author":[{"embeddable":true,"href":"https:\/\/blog.sagradafamilia.org\/es\/wp-json\/wp\/v2\/users\/1"}],"replies":[{"embeddable":true,"href":"https:\/\/blog.sagradafamilia.org\/es\/wp-json\/wp\/v2\/comments?post=3"}],"version-history":[{"count":0,"href":"https:\/\/blog.sagradafamilia.org\/es\/wp-json\/wp\/v2\/pages\/3\/revisions"}],"wp:attachment":[{"href":"https:\/\/blog.sagradafamilia.org\/es\/wp-json\/wp\/v2\/media?parent=3"}],"curies":[{"name":"wp","href":"https:\/\/api.w.org\/{rel}","templated":true}]}}