{"id":289,"date":"2025-02-07T08:11:33","date_gmt":"2025-02-07T07:11:33","guid":{"rendered":"https:\/\/blog.sagradafamilia.org\/?page_id=289"},"modified":"2025-03-10T10:19:39","modified_gmt":"2025-03-10T09:19:39","slug":"canal-abierto","status":"publish","type":"page","link":"https:\/\/blog.sagradafamilia.org\/es\/canal-abierto\/","title":{"rendered":"Glosario"},"content":{"rendered":"<p>Aqu\u00ed pod\u00e9is consultar el vocabulario arquitect\u00f3nico y lit\u00fargico de la Sagrada Familia.<\/p>\n\n\n\n<h2 class=\"wp-block-heading\">A<\/h2>\n\n\n\n<p><strong>\u00c1bside:<\/strong> Parte de una iglesia, com\u00fanmente de planta semicircular, que sobresale de la fachada posterior, y en la que generalmente se sit\u00faan el presbiterio y el altar. El \u00e1bside suele estar rodeado de capillas peque\u00f1as o absidiolos, en n\u00fameros impares.&nbsp;<\/p>\n\n\n\n<figure class=\"wp-block-embed is-type-video is-provider-youtube wp-block-embed-youtube wp-embed-aspect-16-9 wp-has-aspect-ratio\"><div class=\"wp-block-embed__wrapper\">\n<iframe loading=\"lazy\" title=\"2020 L\u2019absis |  El \u00e1bside |  The apse\" width=\"500\" height=\"281\" src=\"https:\/\/www.youtube.com\/embed\/UngKrpI0gdc?feature=oembed\" frameborder=\"0\" allow=\"accelerometer; autoplay; clipboard-write; encrypted-media; gyroscope; picture-in-picture; web-share\" referrerpolicy=\"strict-origin-when-cross-origin\" allowfullscreen><\/iframe>\n<\/div><\/figure>\n\n\n\n<p><strong>Asociaci\u00f3n Espiritual de Devotos de San Jos\u00e9:<\/strong>&nbsp; Fundada en 1866 por Josep Maria Bocabella, esta asociaci\u00f3n, que lleg\u00f3 a tener 600.000 miembros, ten\u00eda como \u00f3rgano de difusi\u00f3n la revista El Propagador de la Devoci\u00f3n a San Jos\u00e9, que alcanz\u00f3 una tirada de 25.000 ejemplares. A partir de 1948, la revista pas\u00f3 a denominarse Temple, nombre con el que la sigue publicando la Fundaci\u00f3 Junta Constructora del Temple Expiatori de la Sagrada Fam\u00edlia, que desde 1895 vela por la construcci\u00f3n del templo&nbsp;<\/p>\n\n\n\n<h2 class=\"wp-block-heading\">B<\/h2>\n\n\n\n<p><strong>Bas\u00edlica:<\/strong> Esgl\u00e9sia notable per la seva antiguitat o significaci\u00f3.&nbsp;<\/p>\n\n\n\n<p><strong>Bas\u00edlica mayor:<\/strong> Cada una de las cuatro iglesias principales de Roma, consideradas las primeras de la cristiandad: San Juan de Letr\u00e1n, Santa Mar\u00eda la Mayor, San Pablo Extramuros y San Pedro del Vatican&nbsp;<\/p>\n\n\n\n<p><strong>Bas\u00edlica menor:<\/strong> T\u00edtol honor\u00edfic atorgat per concessi\u00f3 papal a diverses esgl\u00e9sies del m\u00f3n cristi\u00e0, importants per la seva hist\u00f2ria, proporcions i la veneraci\u00f3 que promouen com a santuaris.&nbsp;<\/p>\n\n\n\n<p><strong>Bocabella i Verdaguer, Josep Maria (Barcelona, 1815\u20131892):<\/strong> Cat\u00f3lico fervoroso y muy devoto de San Jos\u00e9, el librero Bocabella decidi\u00f3 dedicarse a fomentar el culto a este santo, algo que hizo a trav\u00e9s de la Asociaci\u00f3n Espiritual de Devotos de San Jos\u00e9 y la revista El Propagador de la Devoci\u00f3n a San Jos\u00e9, as\u00ed como con la edici\u00f3n de numerosos libros y op\u00fasculos de car\u00e1cter religioso.&nbsp;<\/p>\n\n\n\n<h2 class=\"wp-block-heading\">C<\/h2>\n\n\n\n<p><strong>Crucero:<\/strong> Espacio cuadrado, generalmente cubierto con c\u00fapula, com\u00fan en la nave transversal y en la longitudinal de una iglesia. A veces tambi\u00e9n se utiliza este t\u00e9rmino para definir toda la nave transversal de una iglesia, igualmente conocida como transepto.&nbsp;<\/p>\n\n\n\n<p><strong>Cripta<\/strong>: Iglesia o capilla situada en un plano inferior al de la iglesia principal.&nbsp;<\/p>\n\n\n\n<p><strong>Columna de doble giro:<\/strong> Columna de base poligonal o estrellada utilitzada en el interior de la Sagrada Familia que, a medida que crece girando a derecha y a izquierda, se va transformando en c\u00edrculo, de modo que consigue m\u00e1s estabilidad y un efecto est\u00e9tico m\u00e1s estilizado y arm\u00f3nico en su conjunto.&nbsp;<\/p>\n\n\n\n<figure data-wp-context=\"{&quot;imageId&quot;:&quot;69d46c7a971f8&quot;}\" data-wp-interactive=\"core\/image\" data-wp-key=\"69d46c7a971f8\" class=\"wp-block-image size-full wp-lightbox-container\"><img loading=\"lazy\" decoding=\"async\" width=\"1024\" height=\"488\" data-wp-class--hide=\"state.isContentHidden\" data-wp-class--show=\"state.isContentVisible\" data-wp-init=\"callbacks.setButtonStyles\" data-wp-on--click=\"actions.showLightbox\" data-wp-on--load=\"callbacks.setButtonStyles\" data-wp-on-window--resize=\"callbacks.setButtonStyles\" src=\"https:\/\/blog.sagradafamilia.org\/wp-content\/uploads\/2025\/03\/columnas-doble-giro.jpg\" alt=\"\" class=\"wp-image-3332\" srcset=\"https:\/\/blog.sagradafamilia.org\/wp-content\/uploads\/2025\/03\/columnas-doble-giro.jpg 1024w, https:\/\/blog.sagradafamilia.org\/wp-content\/uploads\/2025\/03\/columnas-doble-giro-300x143.jpg 300w, https:\/\/blog.sagradafamilia.org\/wp-content\/uploads\/2025\/03\/columnas-doble-giro-768x366.jpg 768w, https:\/\/blog.sagradafamilia.org\/wp-content\/uploads\/2025\/03\/columnas-doble-giro-18x9.jpg 18w\" sizes=\"auto, (max-width: 1024px) 100vw, 1024px\" \/><button\n\t\t\tclass=\"lightbox-trigger\"\n\t\t\ttype=\"button\"\n\t\t\taria-haspopup=\"dialog\"\n\t\t\taria-label=\"Agrandar\"\n\t\t\tdata-wp-init=\"callbacks.initTriggerButton\"\n\t\t\tdata-wp-on--click=\"actions.showLightbox\"\n\t\t\tdata-wp-style--right=\"state.imageButtonRight\"\n\t\t\tdata-wp-style--top=\"state.imageButtonTop\"\n\t\t>\n\t\t\t<svg xmlns=\"http:\/\/www.w3.org\/2000\/svg\" width=\"12\" height=\"12\" fill=\"none\" viewbox=\"0 0 12 12\">\n\t\t\t\t<path fill=\"#fff\" d=\"M2 0a2 2 0 0 0-2 2v2h1.5V2a.5.5 0 0 1 .5-.5h2V0H2Zm2 10.5H2a.5.5 0 0 1-.5-.5V8H0v2a2 2 0 0 0 2 2h2v-1.5ZM8 12v-1.5h2a.5.5 0 0 0 .5-.5V8H12v2a2 2 0 0 1-2 2H8Zm2-12a2 2 0 0 1 2 2v2h-1.5V2a.5.5 0 0 0-.5-.5H8V0h2Z\" \/>\n\t\t\t<\/svg>\n\t\t<\/button><\/figure>\n\n\n\n<p>Observad a continuaci\u00f3n c\u00f3mo el giro simult\u00e1neo en dos sentidos opuestos va generando, en tres tramos, las diferentes secciones, que multiplican el n\u00famero de aristas sucesivamente a medida que se asciende en altura. En cada tramo, para doblar el n\u00famero de puntas, hace falta cada vez la mitad de altura y la mitad de \u00e1ngulo girado.&nbsp;&nbsp;<\/p>\n\n\n\n<figure data-wp-context=\"{&quot;imageId&quot;:&quot;69d46c7a97765&quot;}\" data-wp-interactive=\"core\/image\" data-wp-key=\"69d46c7a97765\" class=\"wp-block-image aligncenter size-full is-resized wp-lightbox-container\"><img loading=\"lazy\" decoding=\"async\" width=\"1181\" height=\"1517\" data-wp-class--hide=\"state.isContentHidden\" data-wp-class--show=\"state.isContentVisible\" data-wp-init=\"callbacks.setButtonStyles\" data-wp-on--click=\"actions.showLightbox\" data-wp-on--load=\"callbacks.setButtonStyles\" data-wp-on-window--resize=\"callbacks.setButtonStyles\" src=\"https:\/\/blog.sagradafamilia.org\/wp-content\/uploads\/2025\/03\/col-08_seccions-1.gif\" alt=\"\" class=\"wp-image-3333\" style=\"width:290px;height:auto\"\/><button\n\t\t\tclass=\"lightbox-trigger\"\n\t\t\ttype=\"button\"\n\t\t\taria-haspopup=\"dialog\"\n\t\t\taria-label=\"Agrandar\"\n\t\t\tdata-wp-init=\"callbacks.initTriggerButton\"\n\t\t\tdata-wp-on--click=\"actions.showLightbox\"\n\t\t\tdata-wp-style--right=\"state.imageButtonRight\"\n\t\t\tdata-wp-style--top=\"state.imageButtonTop\"\n\t\t>\n\t\t\t<svg xmlns=\"http:\/\/www.w3.org\/2000\/svg\" width=\"12\" height=\"12\" fill=\"none\" viewbox=\"0 0 12 12\">\n\t\t\t\t<path fill=\"#fff\" d=\"M2 0a2 2 0 0 0-2 2v2h1.5V2a.5.5 0 0 1 .5-.5h2V0H2Zm2 10.5H2a.5.5 0 0 1-.5-.5V8H0v2a2 2 0 0 0 2 2h2v-1.5ZM8 12v-1.5h2a.5.5 0 0 0 .5-.5V8H12v2a2 2 0 0 1-2 2H8Zm2-12a2 2 0 0 1 2 2v2h-1.5V2a.5.5 0 0 0-.5-.5H8V0h2Z\" \/>\n\t\t\t<\/svg>\n\t\t<\/button><\/figure>\n\n\n\n<h2 class=\"wp-block-heading\">N<\/h2>\n\n\n\n<p><strong>N\u00e0rtex:<\/strong> Vest\u00edbulo, p\u00f3rtico, delante de la puerta de una iglesia o de un templo.&nbsp;<\/p>\n\n\n\n<h2 class=\"wp-block-heading\">P<\/h2>\n\n\n\n<p><strong>Presbiterio:<\/strong> Parte de la iglesia, situada al fondo de la nave central, en la que se encuentra el altar mayor. Suele estar elevada con respecto al resto de la iglesia y est\u00e1 reservada a los cl\u00e9rigos.&nbsp;&nbsp;<\/p>\n\n\n\n<h2 class=\"wp-block-heading\">S<\/h2>\n\n\n\n<p><strong>Sacrist\u00eda:<\/strong> En las iglesias, lugar, generalmente junto al presbiterio, en el que se custodian los ornamentos y los vasos sagrados, y donde se revisten los sacerdotes para las funciones lit\u00fargicas.&nbsp;&nbsp;<\/p>\n\n\n\n<h2 class=\"wp-block-heading\">T<\/h2>\n\n\n\n<p><strong>Transept:<\/strong> Nave transversal de una iglesia que forma una cruz con la nave principal<\/p>","protected":false},"excerpt":{"rendered":"<p>Aqu\u00ed podeu consultar el vocabulari arquitect\u00f2nic i lit\u00fargic de la Sagrada Fam\u00edlia.  <\/p>","protected":false},"author":6,"featured_media":0,"parent":0,"menu_order":0,"comment_status":"closed","ping_status":"closed","template":"","meta":{"footnotes":""},"class_list":["post-289","page","type-page","status-publish","hentry"],"_links":{"self":[{"href":"https:\/\/blog.sagradafamilia.org\/es\/wp-json\/wp\/v2\/pages\/289","targetHints":{"allow":["GET"]}}],"collection":[{"href":"https:\/\/blog.sagradafamilia.org\/es\/wp-json\/wp\/v2\/pages"}],"about":[{"href":"https:\/\/blog.sagradafamilia.org\/es\/wp-json\/wp\/v2\/types\/page"}],"author":[{"embeddable":true,"href":"https:\/\/blog.sagradafamilia.org\/es\/wp-json\/wp\/v2\/users\/6"}],"replies":[{"embeddable":true,"href":"https:\/\/blog.sagradafamilia.org\/es\/wp-json\/wp\/v2\/comments?post=289"}],"version-history":[{"count":0,"href":"https:\/\/blog.sagradafamilia.org\/es\/wp-json\/wp\/v2\/pages\/289\/revisions"}],"wp:attachment":[{"href":"https:\/\/blog.sagradafamilia.org\/es\/wp-json\/wp\/v2\/media?parent=289"}],"curies":[{"name":"wp","href":"https:\/\/api.w.org\/{rel}","templated":true}]}}