{"id":4068,"date":"2025-04-02T12:56:27","date_gmt":"2025-04-02T10:56:27","guid":{"rendered":"https:\/\/blog.sagradafamilia.org\/?page_id=4068"},"modified":"2026-01-14T10:48:52","modified_gmt":"2026-01-14T09:48:52","slug":"monitoring-work","status":"publish","type":"page","link":"https:\/\/blog.sagradafamilia.org\/en\/monitoring-work\/","title":{"rendered":"Monitoring of the work"},"content":{"rendered":"<p>Discover the current state of the works and upcoming architectural milestones for the Sagrada Fam\u00edlia. Now 70% complete, the construction of the Basilica continues with the Chapel of the Assumption, the second sacristy, the tower of Jesus Christ, the Glory fa\u00e7ade and the adjoining sections of the cloister.<\/p>\n\n\n\n\n<\/p>\n<div style=\"width: 100%;\">\n<div style=\"position: relative; padding-bottom: 260%; padding-top: 0; height: 0;\"><iframe loading=\"lazy\" title=\"Sagrada Familia - English\" frameborder=\"0\" width=\"1200\" height=\"4000\" style=\"position: absolute; top: 0; left: 0; width: 100%; height: 100%;\" src=\"https:\/\/view.genially.com\/67f774b54712568783d58ecd\" type=\"text\/html\" allowscriptaccess=\"always\" allowfullscreen=\"true\" scrolling=\"yes\" allownetworking=\"all\"><\/iframe> <\/div>\n<\/p><\/div>\n<p>\n\n\n\n<p>.<\/p>\n\n\n\n<p><\/p>","protected":false},"excerpt":{"rendered":"<p>Consulta l\u2019estat actual de les obres i les properes fites arquitect\u00f2niques de la Sagrada Fam\u00edlia. Amb un 70 % finalitzat, la construcci\u00f3 de la Bas\u00edlica continua amb els treballs de la capella de l\u2019Assumpta, la segona sagristia, la torre de Jes\u00fas, la fa\u00e7ana de la Gl\u00f2ria i trams del claustre annex.. .<\/p>","protected":false},"author":9,"featured_media":0,"parent":0,"menu_order":0,"comment_status":"closed","ping_status":"closed","template":"","meta":{"footnotes":""},"class_list":["post-4068","page","type-page","status-publish","hentry"],"_links":{"self":[{"href":"https:\/\/blog.sagradafamilia.org\/en\/wp-json\/wp\/v2\/pages\/4068","targetHints":{"allow":["GET"]}}],"collection":[{"href":"https:\/\/blog.sagradafamilia.org\/en\/wp-json\/wp\/v2\/pages"}],"about":[{"href":"https:\/\/blog.sagradafamilia.org\/en\/wp-json\/wp\/v2\/types\/page"}],"author":[{"embeddable":true,"href":"https:\/\/blog.sagradafamilia.org\/en\/wp-json\/wp\/v2\/users\/9"}],"replies":[{"embeddable":true,"href":"https:\/\/blog.sagradafamilia.org\/en\/wp-json\/wp\/v2\/comments?post=4068"}],"version-history":[{"count":0,"href":"https:\/\/blog.sagradafamilia.org\/en\/wp-json\/wp\/v2\/pages\/4068\/revisions"}],"wp:attachment":[{"href":"https:\/\/blog.sagradafamilia.org\/en\/wp-json\/wp\/v2\/media?parent=4068"}],"curies":[{"name":"wp","href":"https:\/\/api.w.org\/{rel}","templated":true}]}}