{"id":31,"date":"2025-02-06T11:29:33","date_gmt":"2025-02-06T10:29:33","guid":{"rendered":"https:\/\/blog.sagradafamilia.org\/?page_id=31"},"modified":"2026-04-30T16:52:43","modified_gmt":"2026-04-30T14:52:43","slug":"home","status":"publish","type":"page","link":"https:\/\/blog.sagradafamilia.org\/en\/","title":{"rendered":"Home"},"content":{"rendered":"<p>El contenido de esta p\u00e1gina no es editable. Los cambios que se hagan a nivel de bloques no ser\u00e1 visibles en la parte p\u00fablica de la web.<\/p>\n\n\n\n<p><\/p>","protected":false},"excerpt":{"rendered":"<p>Welcome to the official Sagrada Fam\u00edlia blog, where you can follow along with the progress of works on the Basilica and learn more about it through activities, fun facts and stories. You will also delve deeper into Antoni Gaud\u00ed and the work the architects, craftspeople and other professionals have done for the past 140 years to continue his legacy.  <\/p>\n<p>Gaud\u00ed\u2019s dream is coming true. Join us on this journey through the blog and get swept up in the beauty and significance of this one-of-a-kind Temple. <\/p>","protected":false},"author":6,"featured_media":3491,"parent":0,"menu_order":0,"comment_status":"closed","ping_status":"closed","template":"","meta":{"footnotes":""},"class_list":["post-31","page","type-page","status-publish","has-post-thumbnail","hentry"],"_links":{"self":[{"href":"https:\/\/blog.sagradafamilia.org\/en\/wp-json\/wp\/v2\/pages\/31","targetHints":{"allow":["GET"]}}],"collection":[{"href":"https:\/\/blog.sagradafamilia.org\/en\/wp-json\/wp\/v2\/pages"}],"about":[{"href":"https:\/\/blog.sagradafamilia.org\/en\/wp-json\/wp\/v2\/types\/page"}],"author":[{"embeddable":true,"href":"https:\/\/blog.sagradafamilia.org\/en\/wp-json\/wp\/v2\/users\/6"}],"replies":[{"embeddable":true,"href":"https:\/\/blog.sagradafamilia.org\/en\/wp-json\/wp\/v2\/comments?post=31"}],"version-history":[{"count":2,"href":"https:\/\/blog.sagradafamilia.org\/en\/wp-json\/wp\/v2\/pages\/31\/revisions"}],"predecessor-version":[{"id":6550,"href":"https:\/\/blog.sagradafamilia.org\/en\/wp-json\/wp\/v2\/pages\/31\/revisions\/6550"}],"wp:featuredmedia":[{"embeddable":true,"href":"https:\/\/blog.sagradafamilia.org\/en\/wp-json\/wp\/v2\/media\/3491"}],"wp:attachment":[{"href":"https:\/\/blog.sagradafamilia.org\/en\/wp-json\/wp\/v2\/media?parent=31"}],"curies":[{"name":"wp","href":"https:\/\/api.w.org\/{rel}","templated":true}]}}