{"id":3,"date":"2025-02-05T12:09:22","date_gmt":"2025-02-05T11:09:22","guid":{"rendered":"https:\/\/blog.sagradafamilia.org\/?page_id=3"},"modified":"2025-03-19T13:08:53","modified_gmt":"2025-03-19T12:08:53","slug":"politica-de-privacitat","status":"publish","type":"page","link":"https:\/\/blog.sagradafamilia.org\/en\/politica-de-privacitat\/","title":{"rendered":"Pivacy policy"},"content":{"rendered":"<p>1. <strong>INFORMATION TO THE USER<\/strong><\/p>\n\n\n\n<ol class=\"wp-block-list\"><\/ol>\n\n\n\n<p><strong>FUNDACI\u00d3 JUNTA CONSTRUCTORA DEL TEMPLE EXPIATORI DE LA SAGRADA FAMIL\u00cdA<\/strong>as Data Controller, informs you that, in accordance with the provisions of Regulation (EU) 2016\/679 of 27 April (GDPR) and Organic Law 3\/2018 of 5 December on data protection and guarantee of digital rights (LOPDGDD), we will process your data as reflected in this Privacy Policy.<\/p>\n\n\n\n<p>In this Privacy Policy we describe how we collect your personal data and why we collect it, what we do with it, who we share it with, how we protect it, and your choices regarding the processing of your personal data.<\/p>\n\n\n\n<p>This Policy applies to the processing of your personal data collected by the Company for the provision of its services. If you agree to the measures of this Policy, you agree to our processing of your personal data as defined in this Policy.<\/p>\n\n\n\n<p>2. <strong>CONTACTE<\/strong><\/p>\n\n\n\n<p>Company name: FUNDACI\u00d3 JUNTA CONSTRUCTORA DEL TEMPLE EXPIATORI DE LA SAGRADA FAM\u00cdLIACIF: G58302928 Address: C\/ MALLORCA, 401 \u2013 08013 BARCELONA (BARCELONA)<br>Email <a href=\"mailto:dades@sagradafamilia.org\">dades@sagradafamilia.org<\/a><\/p>\n\n\n\n<p>Data Protection Officer: <a href=\"mailto:dpo@sagradafamilia.org\">dpo@sagradafamilia.org<\/a><\/p>\n\n\n\n<p>3. <strong>KEY PRINCIPLES<\/strong><\/p>\n\n\n\n<p>We have always been committed to providing our services with the highest degree of quality, which includes treating your data safely and transparently. Our principles are:<\/p>\n\n\n\n<ul class=\"wp-block-list\">\n<li><strong>Legality<\/strong>: We will only collect your Personal Data for specific, explicit and legitimate purposes.<\/li>\n\n\n\n<li><strong>Data minimization<\/strong>: We limit the collection of personal data to what is strictly relevant and necessary for the purposes for which it has been collected.<\/li>\n\n\n\n<li><strong>Limitation of Purpose<\/strong>: We will only collect your personal data for the stated purposes and only according to your wishes.<\/li>\n\n\n\n<li><strong>Precision<\/strong>: We will keep your personal data accurate and up to date.<\/li>\n\n\n\n<li><strong>Data Security<\/strong>: We apply appropriate technical and organisational measures proportionate to the risks to ensure that your data is not damaged, such as unauthorised disclosure or access, accidental or unlawful destruction or accidental loss or alteration and any other form of unlawful processing.<\/li>\n\n\n\n<li><strong>Access and Rectification<\/strong>: We have the means for you to access or rectify your data whenever you consider it appropriate.<\/li>\n\n\n\n<li><strong>Conservation<\/strong>: We retain your personal data lawfully and appropriately and only for as long as it is necessary for the purposes for which it was collected.<\/li>\n\n\n\n<li><strong>International transfers<\/strong>: When your data is to be transferred outside the EU\/EEA, it will be adequately protected.<\/li>\n\n\n\n<li><strong>Third parties<\/strong>: Access to and transfer of personal data to third parties is carried out in accordance with applicable laws and regulations and with appropriate contractual guarantees.<\/li>\n\n\n\n<li><strong>Direct Marketing and Cookies<\/strong>: We comply with applicable legislation regarding advertising and cookies.<\/li>\n<\/ul>\n\n\n\n<p>4. <strong>COLLECTION AND PROCESSING OF YOUR PERSONAL DATA<\/strong><\/p>\n\n\n\n<p>The types of data that may be requested and processed are<\/p>\n\n\n\n<ul class=\"wp-block-list\">\n<li>Identification data.<\/li>\n\n\n\n<li>Contact information<\/li>\n<\/ul>\n\n\n\n<p>We also automatically collect data about your visit to our website as described in the cookie policy.<\/p>\n\n\n\n<p>We collect and process your personal data for the purposes of:<\/p>\n\n\n\n<ul class=\"wp-block-list\">\n<li><strong>Gestionar la seva subscripci\u00f3 al bloc de la FUNDACI\u00d3 JUNTA CONSTRUCTORA DEL&nbsp;&nbsp; TEMPLE EXPIATORI DE LA SAGRADA FAM\u00cdLIA<\/strong><\/li>\n\n\n\n<li>Legal basis: You give us your consent for the purposes of processing. Of course, you can withdraw your consent at any time.<\/li>\n<\/ul>\n\n\n\n<ul class=\"wp-block-list\">\n<li><strong>Regular sending of articles and content published on the blog and information related to the FUNDACI\u00d3 JUNTA CONSTRUCTORA DEL TEMPLE EXPIATORI DE LA SAGRADA FAM\u00cdLIA that may be of interest to you, for example: information on guided tours of the temple, schedules, etc.<\/strong><\/li>\n<\/ul>\n\n\n\n<p>Legal basis: You give us your consent for the purposes of processing. Of course, you can withdraw your consent at any time.<\/p>\n\n\n\n<ul class=\"wp-block-list\">\n<li><strong>Respond to queries made to us through the blog.<\/strong><\/li>\n<\/ul>\n\n\n\n<p>Legal basis: You give us your consent for the purposes of processing. Of course, you can withdraw your consent at any time.<\/p>\n\n\n\n<p>5. <strong>COMMUNICATION OF PERSONAL DATA<\/strong><\/p>\n\n\n\n<p>The data may be communicated to data processors. We only work with data processors who offer sufficient guarantees of compliance with current data protection legislation. Your personal data will under no circumstances be processed from a country that does not offer a level of protection comparable to that of Europe. If it is decided to hire data processors located outside the European Economic Area, this hiring will be done in accordance with Chapter V of the General Data Protection Regulation.<\/p>\n\n\n\n<p>No other data communications to third parties are planned, except under legal obligation.<\/p>\n\n\n\n<p>6. <strong>YOUR RIGHTS<\/strong><\/p>\n\n\n\n<p>In relation to the collection and processing of your personal data, you can contact us at any time to:<\/p>\n\n\n\n<ul class=\"wp-block-list\">\n<li>Access your personal data and any other information indicated in Article 15.1 of the GDPR.<\/li>\n\n\n\n<li>Rectify your personal data that is inaccurate or incomplete in accordance with Article 16 of the GDPR.<\/li>\n\n\n\n<li>Delete your personal data in accordance with Article 17 of the GDPR.<\/li>\n\n\n\n<li>Restrict the processing of your personal data in accordance with Article 18 of the GDPR.<\/li>\n\n\n\n<li>Request the portability of your data in accordance with Article 20 of the GDPR. <a href=\"https:\/\/presencialismo.com\/\" target=\"_blank\" rel=\"noreferrer noopener\">RGPD<\/a>.<\/li>\n\n\n\n<li>Object to the processing of your personal data pursuant to Article 21 of the GDPR.<\/li>\n<\/ul>\n\n\n\n<p>If you have given your consent for a specific purpose, you have the right to withdraw the consent given at any time, without affecting the lawfulness of the processing based on the consent prior to its withdrawal.<\/p>\n\n\n\n<p>You can exercise these rights by sending a communication, with reasons and proof, in writing, attaching a photocopy of your ID or equivalent identification document, addressed to the address: C\/ MALLORCA, 401 \u2013 08013 BARCELONA (BARCELONA) or to the email address <a href=\"mailto:dades@sagradafamilia.org\">dades@sagradafamilia.org<\/a>. You also have the right to lodge a complaint with the competent supervisory authority (<a href=\"https:\/\/aepd.es\/\" target=\"_blank\" rel=\"noreferrer noopener\">www.aepd.es<\/a>) if you consider that the treatment does not comply with current regulations.<\/p>\n\n\n\n<p>7. <strong>RULES OF CONDUCT FOR BLOG PARTICIPANTS<\/strong><\/p>\n\n\n\n<ul class=\"wp-block-list\">\n<li>\u2022\tUser responsibility. By participating in the blog on the website, the user is solely responsible for the messages that he\/she publishes through it, guaranteeing FUNDACI\u00d3 JUNTA CONSTRUCTORA DEL TEMPLE EXPIATORI DE LA SAGRADA FAM\u00cdLIA total indemnity against any claim that may be made against it for such reasons. In the event that the messages contain material protected by intellectual or industrial property rights, the user guarantees that he\/she is the owner or has the owner's authorization to publish it on the blog and exempts FUNDACI\u00d3 JUNTA CONSTRUCTORA DEL TEMPLE EXPIATORI DE LA SAGRADA FAM\u00cdLIA from any claim from third parties that may be made for such reasons.<\/li>\n<\/ul>\n\n\n\n<ul class=\"wp-block-list\">\n<li>\u2022\tBefore publishing a message, the user must choose the appropriate blog. Messages that do not fit the theme of the blog may be deleted. It is strictly forbidden to publish promotions and links to commercial offers, advertising, promotional material, chain letters or any direct or indirect promotional activity or any other type of comment that does not fit the normal development of the blog topics.<\/li>\n<\/ul>\n\n\n\n<ul class=\"wp-block-list\">\n<li>Users must respect other users. Users must be tolerant and respectful of other users' messages and opinions. Messages that may be considered harmful to the rights of third parties or that threaten the peaceful development of the blog may be deleted.<\/li>\n<\/ul>\n\n\n\n<ul class=\"wp-block-list\">\n<li>FUNDACI\u00d3 JUNTA CONSTRUCTORA DEL TEMPLE EXPIATORI DE LA SAGRADA FAM\u00cdLIA reserves the right to reproduce, modify, or distribute messages published on the website in accordance with the appropriate terms and means without any compensation being due to the user.<\/li>\n\n\n\n<li>FUNDACI\u00d3 JUNTA CONSTRUCTORA DEL TEMPLE EXPIATORI DE LA SAGRADA FAM\u00cdLIA is not responsible for what is published on the website's blog, nor does it guarantee the truthfulness or accuracy of any information published therein. The user who sends the messages or information is responsible for their content.<\/li>\n<\/ul>\n\n\n\n<ul class=\"wp-block-list\">\n<li>FUNDACI\u00d3 JUNTA CONSTRUCTORA DEL TEMPLE EXPIATORI DE LA SAGRADA FAM\u00cdLIA does not guarantee the availability or continuity of the blog service on the website, and may modify, suspend or remove it from the website without prior notice at any time.<\/li>\n<\/ul>\n\n\n\n<ul class=\"wp-block-list\">\n<li>In the event that a user may be affected by illegal actions, or detects misuse of the blog on the website by other users, they may notify FUNDACI\u00d3 JUNTA CONSTRUCTORA DEL TEMPLE EXPIATORI DE LA SAGRADA FAM\u00cdLIA by emailing dades@sagradafamilia.org, so that FUNDACI\u00d3 JUNTA CONSTRUCTORA DEL TEMPLE EXPIATORI DE LA SAGRADA FAM\u00cdLIA can moderate or remove them. <a href=\"mailto:dades@sagradafamilia.org\">dades@sagradafamilia.org<\/a>, perqu\u00e8 FUNDACI\u00d3 JUNTA CONSTRUCTORA DEL TEMPLE EXPIATORI DE LA SAGRADA FAM\u00cdLIA pugui moderar o eliminar-los.<\/li>\n<\/ul>\n\n\n\n<ul class=\"wp-block-list\">\n<li>The user shall hold FUNDACI\u00d3 JUNTA CONSTRUCTORA DEL TEMPLE EXPIATORI DE LA SAGRADA FAM\u00cdLIA harmless from any claim that may be made against it for messages that the user has posted on the blog or for any other conduct linked to or derived from the user's use of the website's blog.<\/li>\n<\/ul>\n\n\n\n<p>8. <strong>LEGAL INFORMATION<\/strong><\/p>\n\n\n\n<p>The requirements of this Policy supplement, and do not replace, any other existing requirements under applicable data protection law, which will prevail in any case.<\/p>\n\n\n\n<p>This Policy is subject to periodic review and may be amended by the Company at any time. When this occurs, we will notify you of any changes and ask you to re-read the most recent version of our Policy and confirm your acceptance.<\/p>","protected":false},"excerpt":{"rendered":"<p>1. INFORMACI\u00d3 A L&#8217;USUARI FUNDACI\u00d3 JUNTA CONSTRUCTORA DEL TEMPLE EXPIATORI DE LA SAGRADA FAMIL\u00cdA, com a Responsable del Tractament, us informa que, segons el que disposa el Reglament (UE) 2016\/679, de 27 d&#8217;abril, (RGPD) i a la LO 3\/2018, de 5 de desembre, de protecci\u00f3 de dades i garantia dels drets digitals (LOPDGDD), tractarem les [&hellip;]<\/p>","protected":false},"author":1,"featured_media":0,"parent":0,"menu_order":0,"comment_status":"closed","ping_status":"closed","template":"","meta":{"footnotes":""},"class_list":["post-3","page","type-page","status-publish","hentry"],"_links":{"self":[{"href":"https:\/\/blog.sagradafamilia.org\/en\/wp-json\/wp\/v2\/pages\/3","targetHints":{"allow":["GET"]}}],"collection":[{"href":"https:\/\/blog.sagradafamilia.org\/en\/wp-json\/wp\/v2\/pages"}],"about":[{"href":"https:\/\/blog.sagradafamilia.org\/en\/wp-json\/wp\/v2\/types\/page"}],"author":[{"embeddable":true,"href":"https:\/\/blog.sagradafamilia.org\/en\/wp-json\/wp\/v2\/users\/1"}],"replies":[{"embeddable":true,"href":"https:\/\/blog.sagradafamilia.org\/en\/wp-json\/wp\/v2\/comments?post=3"}],"version-history":[{"count":0,"href":"https:\/\/blog.sagradafamilia.org\/en\/wp-json\/wp\/v2\/pages\/3\/revisions"}],"wp:attachment":[{"href":"https:\/\/blog.sagradafamilia.org\/en\/wp-json\/wp\/v2\/media?parent=3"}],"curies":[{"name":"wp","href":"https:\/\/api.w.org\/{rel}","templated":true}]}}