{"id":280,"date":"2025-02-07T08:06:33","date_gmt":"2025-02-07T07:06:33","guid":{"rendered":"https:\/\/blog.sagradafamilia.org\/?page_id=280"},"modified":"2026-02-05T14:57:55","modified_gmt":"2026-02-05T13:57:55","slug":"temple-magazine","status":"publish","type":"page","link":"https:\/\/blog.sagradafamilia.org\/en\/temple-magazine\/","title":{"rendered":"Temple magazine"},"content":{"rendered":"","protected":false},"excerpt":{"rendered":"<p>El Propagador de la devoci\u00f3n a San Jos\u00e9 i els \u00c0lbums del Temple eren dues publicacions que explicaven i compartien els aven\u00e7os en la construcci\u00f3 de la Sagrada Fam\u00edlia i les activitats que hi tenien lloc. Ja s\u2019editaven quan Gaud\u00ed era viu, i des de llavors han estat una font d\u2019informaci\u00f3 valuosa per continuar el seu projecte. <\/p>\n<p>Moguts per aquest esperit de divulgaci\u00f3 i promoci\u00f3 de la Sagrada Fam\u00edlia, recuperem la revista Temple amb la voluntat d\u2019oferir-vos un resum anual de les fites constructives, els esdeveniments, els protagonistes i tot el que envolta l\u2019obra magna de Gaud\u00ed. En aquest espai podeu consultar els n\u00fameros.  <\/p>","protected":false},"author":6,"featured_media":5700,"parent":0,"menu_order":0,"comment_status":"closed","ping_status":"closed","template":"","meta":{"footnotes":""},"class_list":["post-280","page","type-page","status-publish","has-post-thumbnail","hentry"],"_links":{"self":[{"href":"https:\/\/blog.sagradafamilia.org\/en\/wp-json\/wp\/v2\/pages\/280","targetHints":{"allow":["GET"]}}],"collection":[{"href":"https:\/\/blog.sagradafamilia.org\/en\/wp-json\/wp\/v2\/pages"}],"about":[{"href":"https:\/\/blog.sagradafamilia.org\/en\/wp-json\/wp\/v2\/types\/page"}],"author":[{"embeddable":true,"href":"https:\/\/blog.sagradafamilia.org\/en\/wp-json\/wp\/v2\/users\/6"}],"replies":[{"embeddable":true,"href":"https:\/\/blog.sagradafamilia.org\/en\/wp-json\/wp\/v2\/comments?post=280"}],"version-history":[{"count":0,"href":"https:\/\/blog.sagradafamilia.org\/en\/wp-json\/wp\/v2\/pages\/280\/revisions"}],"wp:featuredmedia":[{"embeddable":true,"href":"https:\/\/blog.sagradafamilia.org\/en\/wp-json\/wp\/v2\/media\/5700"}],"wp:attachment":[{"href":"https:\/\/blog.sagradafamilia.org\/en\/wp-json\/wp\/v2\/media?parent=280"}],"curies":[{"name":"wp","href":"https:\/\/api.w.org\/{rel}","templated":true}]}}